{"id":1189,"date":"2019-04-25T05:30:20","date_gmt":"2019-04-25T08:30:20","guid":{"rendered":"http:\/\/www.simyatrade.com\/ar\/?page_id=1189"},"modified":"2022-10-10T12:11:06","modified_gmt":"2022-10-10T15:11:06","slug":"%d8%b5-%d8%a7%d9%84%d8%b9%d9%85%d9%84","status":"publish","type":"page","link":"https:\/\/www.simyatrade.com\/ar\/%d8%b5-%d8%a7%d9%84%d8%b9%d9%85%d9%84\/","title":{"rendered":"\u0627\u0644\u0648\u0638\u064a\u0641\u064a"},"content":{"rendered":"\t\t<div data-elementor-type=\"wp-post\" data-elementor-id=\"1189\" class=\"elementor elementor-1189\">\n\t\t\t\t\t\t<div class=\"elementor-inner\">\n\t\t\t\t<div class=\"elementor-section-wrap\">\n\t\t\t\t\t\t\t\t\t<section class=\"elementor-section elementor-top-section elementor-element elementor-element-2327809 elementor-section-boxed elementor-section-height-default elementor-section-height-default\" data-id=\"2327809\" data-element_type=\"section\">\n\t\t\t\t\t\t<div class=\"elementor-container elementor-column-gap-default\">\n\t\t\t\t\t\t\t<div class=\"elementor-row\">\n\t\t\t\t\t<div class=\"elementor-column elementor-col-50 elementor-top-column elementor-element elementor-element-cb6647e\" data-id=\"cb6647e\" data-element_type=\"column\">\n\t\t\t<div class=\"elementor-column-wrap elementor-element-populated\">\n\t\t\t\t\t\t\t<div class=\"elementor-widget-wrap\">\n\t\t\t\t\t\t<section class=\"elementor-section elementor-inner-section elementor-element elementor-element-94f876f elementor-section-boxed elementor-section-height-default elementor-section-height-default\" data-id=\"94f876f\" data-element_type=\"section\">\n\t\t\t\t\t\t<div class=\"elementor-container elementor-column-gap-default\">\n\t\t\t\t\t\t\t<div class=\"elementor-row\">\n\t\t\t\t\t<div class=\"elementor-column elementor-col-100 elementor-inner-column elementor-element elementor-element-11bdbe9\" data-id=\"11bdbe9\" data-element_type=\"column\" data-settings=\"{&quot;background_background&quot;:&quot;classic&quot;}\">\n\t\t\t<div class=\"elementor-column-wrap elementor-element-populated\">\n\t\t\t\t\t\t\t<div class=\"elementor-widget-wrap\">\n\t\t\t\t\t\t<div class=\"elementor-element elementor-element-84e7e80 elementor-widget elementor-widget-heading\" data-id=\"84e7e80\" data-element_type=\"widget\" data-widget_type=\"heading.default\">\n\t\t\t\t<div class=\"elementor-widget-container\">\n\t\t\t<h3 class=\"elementor-heading-title elementor-size-default\">\u0642\u062f\u0645 \u0627\u0644\u0622\u0646<\/h3>\t\t<\/div>\n\t\t\t\t<\/div>\n\t\t\t\t<div class=\"elementor-element elementor-element-2a62277 elementor-widget elementor-widget-text-editor\" data-id=\"2a62277\" data-element_type=\"widget\" data-widget_type=\"text-editor.default\">\n\t\t\t\t<div class=\"elementor-widget-container\">\n\t\t\t\t\t\t\t\t<div class=\"elementor-text-editor elementor-clearfix\">\n\t\t\t\t<p>\u0642\u062f\u0645 \u0637\u0644\u0628\u064b\u0627 \u0644\u0644\u0627\u0646\u0636\u0645\u0627\u0645 \u0625\u0644\u0649 \u0641\u0631\u064a\u0642\u0646\u0627 \u0648\u0627\u0644\u0627\u0633\u062a\u0641\u0627\u062f\u0629 \u0645\u0646 \u0627\u0644\u0641\u0631\u0635 \u0627\u0644\u0648\u0638\u064a\u0641\u064a\u0629.<\/p>\t\t\t\t\t<\/div>\n\t\t\t\t\t\t<\/div>\n\t\t\t\t<\/div>\n\t\t\t\t<div class=\"elementor-element elementor-element-b919882 elementor-align-center elementor-widget elementor-widget-button\" data-id=\"b919882\" data-element_type=\"widget\" data-widget_type=\"button.default\">\n\t\t\t\t<div class=\"elementor-widget-container\">\n\t\t\t\t\t<div class=\"elementor-button-wrapper\">\n\t\t\t<a href=\"https:\/\/www.simyatrade.com\/ar\/%d9%84%d9%84%d8%aa%d9%82%d8%af%d9%8a%d9%85\/\" class=\"elementor-button-link elementor-button elementor-size-md\" role=\"button\">\n\t\t\t\t\t\t<span class=\"elementor-button-content-wrapper\">\n\t\t\t\t\t\t<span class=\"elementor-button-text\">\u0644\u0644\u062a\u0642\u062f\u064a\u0645 <\/span>\n\t\t<\/span>\n\t\t\t\t\t<\/a>\n\t\t<\/div>\n\t\t\t\t<\/div>\n\t\t\t\t<\/div>\n\t\t\t\t<div class=\"elementor-element elementor-element-94d24c0 elementor-absolute elementor-view-default elementor-widget elementor-widget-icon\" data-id=\"94d24c0\" data-element_type=\"widget\" data-settings=\"{&quot;_position&quot;:&quot;absolute&quot;}\" data-widget_type=\"icon.default\">\n\t\t\t\t<div class=\"elementor-widget-container\">\n\t\t\t\t\t<div class=\"elementor-icon-wrapper\">\n\t\t\t<div class=\"elementor-icon\">\n\t\t\t<i aria-hidden=\"true\" class=\"fasicon icon-book-open\"><\/i>\t\t\t<\/div>\n\t\t<\/div>\n\t\t\t\t<\/div>\n\t\t\t\t<\/div>\n\t\t\t\t\t\t<\/div>\n\t\t\t\t\t<\/div>\n\t\t<\/div>\n\t\t\t\t\t\t\t\t<\/div>\n\t\t\t\t\t<\/div>\n\t\t<\/section>\n\t\t\t\t<section class=\"elementor-section elementor-inner-section elementor-element elementor-element-e04c599 elementor-section-boxed elementor-section-height-default elementor-section-height-default\" data-id=\"e04c599\" data-element_type=\"section\">\n\t\t\t\t\t\t<div class=\"elementor-container elementor-column-gap-default\">\n\t\t\t\t\t\t\t<div class=\"elementor-row\">\n\t\t\t\t\t<div class=\"elementor-column elementor-col-100 elementor-inner-column elementor-element elementor-element-ac9dfdb\" data-id=\"ac9dfdb\" data-element_type=\"column\" data-settings=\"{&quot;background_background&quot;:&quot;classic&quot;}\">\n\t\t\t<div class=\"elementor-column-wrap elementor-element-populated\">\n\t\t\t\t\t<div class=\"elementor-background-overlay\"><\/div>\n\t\t\t\t\t\t\t<div class=\"elementor-widget-wrap\">\n\t\t\t\t\t\t<div class=\"elementor-element elementor-element-2a0afec elementor-widget elementor-widget-heading\" data-id=\"2a0afec\" data-element_type=\"widget\" data-widget_type=\"heading.default\">\n\t\t\t\t<div class=\"elementor-widget-container\">\n\t\t\t<h2 class=\"elementor-heading-title elementor-size-default\">\u0644\u0644\u062a\u0648\u0627\u0635\u0644<\/h2>\t\t<\/div>\n\t\t\t\t<\/div>\n\t\t\t\t<div class=\"elementor-element elementor-element-9d79fe3 elementor-widget elementor-widget-text-editor\" data-id=\"9d79fe3\" data-element_type=\"widget\" data-widget_type=\"text-editor.default\">\n\t\t\t\t<div class=\"elementor-widget-container\">\n\t\t\t\t\t\t\t\t<div class=\"elementor-text-editor elementor-clearfix\">\n\t\t\t\t<p>\u00dcnalan Mah. Libadiye Cad. Emar Residence Blok No: 82E\u00a0 \u0130\u00e7 Kap\u0131 No: 23 \u00dcsk\u00fcdar \/ \u0130STANBUL<\/p><p>+905302354438 :\u0647\u0627\u062a\u0641<br \/>info@simyatrade.com :\u0627\u0644\u0628\u0631\u064a\u062f \u0627\u0644\u0625\u0644\u0643\u062a\u0631\u0648\u0646\u064a<\/p>\t\t\t\t\t<\/div>\n\t\t\t\t\t\t<\/div>\n\t\t\t\t<\/div>\n\t\t\t\t<div class=\"elementor-element elementor-element-2240ff2 elementor-align-center elementor-widget elementor-widget-button\" data-id=\"2240ff2\" data-element_type=\"widget\" data-widget_type=\"button.default\">\n\t\t\t\t<div class=\"elementor-widget-container\">\n\t\t\t\t\t<div class=\"elementor-button-wrapper\">\n\t\t\t<a href=\"https:\/\/www.simyatrade.com\/ar\/%d9%84%d9%84%d8%aa%d9%82%d8%af%d9%8a%d9%85\/\" class=\"elementor-button-link elementor-button elementor-size-md\" role=\"button\">\n\t\t\t\t\t\t<span class=\"elementor-button-content-wrapper\">\n\t\t\t\t\t\t<span class=\"elementor-button-text\"> \u0627\u062a\u0635\u0644 \u0628\u0646\u0627 <\/span>\n\t\t<\/span>\n\t\t\t\t\t<\/a>\n\t\t<\/div>\n\t\t\t\t<\/div>\n\t\t\t\t<\/div>\n\t\t\t\t\t\t<\/div>\n\t\t\t\t\t<\/div>\n\t\t<\/div>\n\t\t\t\t\t\t\t\t<\/div>\n\t\t\t\t\t<\/div>\n\t\t<\/section>\n\t\t\t\t\t\t<\/div>\n\t\t\t\t\t<\/div>\n\t\t<\/div>\n\t\t\t\t<div class=\"elementor-column elementor-col-50 elementor-top-column elementor-element elementor-element-1b2cb94\" data-id=\"1b2cb94\" data-element_type=\"column\">\n\t\t\t<div class=\"elementor-column-wrap elementor-element-populated\">\n\t\t\t\t\t\t\t<div class=\"elementor-widget-wrap\">\n\t\t\t\t\t\t<div class=\"elementor-element elementor-element-564b7ad elementor-widget elementor-widget-induxo-title\" data-id=\"564b7ad\" data-element_type=\"widget\" data-widget_type=\"induxo-title.default\">\n\t\t\t\t<div class=\"elementor-widget-container\">\n\t\t\t         <div class=\"section-heading-content\">\n                     <h2 class=\"section-title title-right\">\n                 \u0641\u0631\u0635 \u0627\u0644\u0639\u0645\u0644 \u0641\u064a \u0633\u064a\u0645\u064a\u0627             <\/h2>\n         <\/div><!-- Section title -->\t\t\n         \n\n     \n    \t\t<\/div>\n\t\t\t\t<\/div>\n\t\t\t\t<div class=\"elementor-element elementor-element-9e9dc1a elementor-widget elementor-widget-text-editor\" data-id=\"9e9dc1a\" data-element_type=\"widget\" data-widget_type=\"text-editor.default\">\n\t\t\t\t<div class=\"elementor-widget-container\">\n\t\t\t\t\t\t\t\t<div class=\"elementor-text-editor elementor-clearfix\">\n\t\t\t\t<p>\u0645\u0646 \u0623\u062c\u0644 \u062a\u0642\u062f\u064a\u0645 \u0623\u0641\u0636\u0644 \u0627\u0644\u0646\u062a\u0627\u0626\u062c \u0627\u0644\u0639\u0645\u0644\u064a\u0629 \u0644\u0644\u0634\u0631\u0643\u0627\u062a \u0627\u0644\u062a\u064a \u0646\u062a\u0634\u0627\u0631\u0643 \u0645\u0639\u0647\u0627\u060c \u0646\u0631\u0643\u0632 \u0639\u0644\u0649 \u0627\u0644\u0646\u062c\u0627\u062d \u0628\u0627\u0633\u062a\u062e\u062f\u0627\u0645 \u0645\u0639\u0631\u0641\u062a\u0646\u0627 \u0648\u062e\u0628\u0631\u062a\u0646\u0627 \u0648\u0634\u0628\u0643\u0629 \u0623\u0639\u0645\u0627\u0644\u0646\u0627 \u0628\u0623\u0643\u062b\u0631 \u0627\u0644\u0637\u0631\u0642 \u0641\u0639\u0627\u0644\u064a\u0629 \u0628\u0645\u0627 \u064a\u062a\u0645\u0627\u0634\u0649 \u0645\u0639 \u0627\u0644\u0623\u0647\u062f\u0627\u0641 \u0627\u0644\u062a\u064a \u0646\u0631\u064a\u062f \u062a\u062d\u0642\u064a\u0642\u0647\u0627.<\/p><p>\u0645\u0646 \u0623\u062c\u0644 \u062a\u0637\u0648\u064a\u0631 \u0646\u062a\u0627\u062c \u0639\u0645\u0644\u0646\u0627 \u0627\u0644\u0646\u0627\u062c\u062d\u060c \u0646\u0633\u062a\u0645\u0631 \u0641\u064a \u062a\u0637\u0648\u064a\u0631 \u0623\u0646\u0641\u0633\u0646\u0627 \u0648\u0646\u0642\u0648\u0645 \u0628\u0639\u0645\u0644\u0646\u0627 \u0645\u0646 \u0645\u0646\u0638\u0648\u0631 \u0627\u0633\u062a\u0628\u0627\u0642\u064a \u0645\u0639 \u0641\u0631\u064a\u0642 \u0627\u0644\u062e\u0628\u0631\u0627\u0621 \u0648\u0634\u0631\u0643\u0627\u0621 \u0627\u0644\u062d\u0644\u0648\u0644 \u0644\u062f\u064a\u0646\u0627.<\/p><p>\u0623\u0647\u0645 \u0627\u0644\u0645\u0639\u0627\u064a\u064a\u0631 \u0627\u0644\u062a\u064a \u0646\u0628\u062d\u062b \u0639\u0646\u0647\u0627 \u0641\u064a \u0627\u0644\u0645\u062a\u0642\u062f\u0645\u064a\u0646 \u0647\u064a\u061b<\/p>\t\t\t\t\t<\/div>\n\t\t\t\t\t\t<\/div>\n\t\t\t\t<\/div>\n\t\t\t\t<section class=\"elementor-section elementor-inner-section elementor-element elementor-element-31609c1 elementor-section-boxed elementor-section-height-default elementor-section-height-default\" data-id=\"31609c1\" data-element_type=\"section\">\n\t\t\t\t\t\t<div class=\"elementor-container elementor-column-gap-default\">\n\t\t\t\t\t\t\t<div class=\"elementor-row\">\n\t\t\t\t\t<div class=\"elementor-column elementor-col-50 elementor-inner-column elementor-element elementor-element-55d9bff\" data-id=\"55d9bff\" data-element_type=\"column\">\n\t\t\t<div class=\"elementor-column-wrap elementor-element-populated\">\n\t\t\t\t\t\t\t<div class=\"elementor-widget-wrap\">\n\t\t\t\t\t\t<div class=\"elementor-element elementor-element-81b505e elementor-widget elementor-widget-text-editor\" data-id=\"81b505e\" data-element_type=\"widget\" data-widget_type=\"text-editor.default\">\n\t\t\t\t<div class=\"elementor-widget-container\">\n\t\t\t\t\t\t\t\t<div class=\"elementor-text-editor elementor-clearfix\">\n\t\t\t\t<p>\u0627\u0644\u0627\u0646\u0641\u062a\u0627\u062d \u0639\u0644\u0649 \u0627\u0644\u062a\u0637\u0648\u0631<\/p><p>\u00a0\u0625\u0639\u0637\u0627\u0621 \u0623\u0647\u0645\u064a\u0629 \u0644\u0644\u0642\u064a\u0645 \u0627\u0644\u0623\u062e\u0644\u0627\u0642\u064a\u0629<\/p><p>\u00a0\u0627\u0644\u0639\u0645\u0644 \u0627\u0644\u0645\u0631\u064a\u062d \u0645\u0639 \u0641\u0631\u064a\u0642 \u0627\u0644\u0639\u0645\u0644 \u0639\u0644\u0649 \u0643\u0627\u0641\u0629 \u0627\u0644\u0645\u0633\u062a\u0648\u064a\u0627\u062a<\/p><p>\u0623\u062e\u0644\u0627\u0642 \u0627\u0644\u0639\u0645\u0644 \u0627\u0644\u0639\u0627\u0644\u064a\u0629<\/p>\t\t\t\t\t<\/div>\n\t\t\t\t\t\t<\/div>\n\t\t\t\t<\/div>\n\t\t\t\t\t\t<\/div>\n\t\t\t\t\t<\/div>\n\t\t<\/div>\n\t\t\t\t<div class=\"elementor-column elementor-col-50 elementor-inner-column elementor-element elementor-element-8baa67d\" data-id=\"8baa67d\" data-element_type=\"column\">\n\t\t\t<div class=\"elementor-column-wrap elementor-element-populated\">\n\t\t\t\t\t\t\t<div class=\"elementor-widget-wrap\">\n\t\t\t\t\t\t<div class=\"elementor-element elementor-element-a6e0cc8 elementor-widget elementor-widget-text-editor\" data-id=\"a6e0cc8\" data-element_type=\"widget\" data-widget_type=\"text-editor.default\">\n\t\t\t\t<div class=\"elementor-widget-container\">\n\t\t\t\t\t\t\t\t<div class=\"elementor-text-editor elementor-clearfix\">\n\t\t\t\t<p>\u0627\u0644\u0634\u0639\u0648\u0631 \u0628\u0627\u0644\u0645\u0633\u0624\u0648\u0644\u064a\u0629 \u062a\u062c\u0627\u0647 \u0627\u0644\u062a\u062e\u0637\u064a\u0637 \u0648\u0627\u0644\u062a\u0646\u0638\u064a\u0645<\/p><p>\u0645\u0647\u0627\u0631\u0627\u062a \u0627\u0644\u062a\u0648\u0627\u0635\u0644 \u0627\u0644\u0641\u0639\u0627\u0644<\/p><p>\u0645\u0647\u0627\u0631\u0627\u062a \u0627\u0644\u062a\u0641\u0643\u064a\u0631 \u0627\u0644\u062a\u062d\u0644\u064a\u0644\u064a \u0648\u062d\u0644 \u0627\u0644\u0645\u0639\u0636\u0644\u0627\u062a<\/p>\t\t\t\t\t<\/div>\n\t\t\t\t\t\t<\/div>\n\t\t\t\t<\/div>\n\t\t\t\t\t\t<\/div>\n\t\t\t\t\t<\/div>\n\t\t<\/div>\n\t\t\t\t\t\t\t\t<\/div>\n\t\t\t\t\t<\/div>\n\t\t<\/section>\n\t\t\t\t<div class=\"elementor-element elementor-element-8fcf1f8 elementor-widget-divider--view-line elementor-widget elementor-widget-divider\" data-id=\"8fcf1f8\" data-element_type=\"widget\" data-widget_type=\"divider.default\">\n\t\t\t\t<div class=\"elementor-widget-container\">\n\t\t\t\t\t<div class=\"elementor-divider\">\n\t\t\t<span class=\"elementor-divider-separator\">\n\t\t\t\t\t\t<\/span>\n\t\t<\/div>\n\t\t\t\t<\/div>\n\t\t\t\t<\/div>\n\t\t\t\t<div class=\"elementor-element elementor-element-2e35c4f elementor-widget elementor-widget-induxo-title\" data-id=\"2e35c4f\" data-element_type=\"widget\" data-widget_type=\"induxo-title.default\">\n\t\t\t\t<div class=\"elementor-widget-container\">\n\t\t\t         <div class=\"section-heading-content\">\n                  <small class=\"title-bg-small\">\u0643\u064a\u0641 \u064a\u0645\u0643\u0646\u0646\u064a \u0627\u0644\u062a\u0642\u062f\u064a\u0645\u061f <\/small>\n                    <h2 class=\"section-title title-center\">\n                 \u0645\u062f\u0629 \u0627\u0644\u062a\u0633\u062c\u064a\u0644             <\/h2>\n         <\/div><!-- Section title -->\t\t\n         \n\n     \n    \t\t<\/div>\n\t\t\t\t<\/div>\n\t\t\t\t<section class=\"elementor-section elementor-inner-section elementor-element elementor-element-b0ff840 elementor-section-boxed elementor-section-height-default elementor-section-height-default\" data-id=\"b0ff840\" data-element_type=\"section\">\n\t\t\t\t\t\t<div class=\"elementor-container elementor-column-gap-default\">\n\t\t\t\t\t\t\t<div class=\"elementor-row\">\n\t\t\t\t\t<div class=\"elementor-column elementor-col-100 elementor-inner-column elementor-element elementor-element-2667ca2\" data-id=\"2667ca2\" data-element_type=\"column\">\n\t\t\t<div class=\"elementor-column-wrap elementor-element-populated\">\n\t\t\t\t\t\t\t<div class=\"elementor-widget-wrap\">\n\t\t\t\t\t\t<div class=\"elementor-element elementor-element-44a6d44 elementor-widget elementor-widget-text-editor\" data-id=\"44a6d44\" data-element_type=\"widget\" data-widget_type=\"text-editor.default\">\n\t\t\t\t<div class=\"elementor-widget-container\">\n\t\t\t\t\t\t\t\t<div class=\"elementor-text-editor elementor-clearfix\">\n\t\t\t\t<p>\u0627\u0644\u0633\u0645\u0629 \u0627\u0644\u0645\u0634\u062a\u0631\u0643\u0629 \u0627\u0644\u062a\u064a \u062a\u0628\u062d\u062b \u0639\u0646\u0647\u0627 \u0633\u064a\u0645\u064a\u0627 \u0641\u064a \u0627\u0644\u0623\u0639\u0636\u0627\u0621 \u0627\u0644\u0645\u0631\u0634\u062d\u064a\u0646 \u0644\u0644\u0627\u0646\u0636\u0645\u0627\u0645 \u0647\u064a \u0627\u0645\u062a\u0644\u0627\u0643 \u0633\u0645\u0627\u062a \u0634\u062e\u0635\u064a\u0629 \u062a\u062a\u0648\u0627\u0641\u0642 \u0645\u0639 \u0642\u064a\u0645 \u0627\u0644\u0634\u0631\u0643\u0629\u060c \u0641\u0636\u0644\u0627\u064b \u0639\u0646 \u0627\u0644\u062a\u062f\u0631\u064a\u0628 \u0648\u0627\u0644\u0645\u0639\u0631\u0641\u0629 \u0627\u0644\u0641\u0646\u064a\u0629 \u0648\u0627\u0644\u0643\u0641\u0627\u0621\u0627\u062a \u0627\u0644\u062a\u064a \u062a\u062a\u0637\u0644\u0628\u0647\u0627 \u0627\u0644\u0648\u0638\u064a\u0641\u0629.<\/p><p>\u0645\u0639\u0627\u064a\u064a\u0631\u0646\u0627 \u0627\u0644\u0623\u0633\u0627\u0633\u064a\u0629 \u0641\u064a \u0627\u0644\u062f\u0631\u062c\u0629 \u0627\u0644\u0623\u0648\u0644\u0649 \u0647\u064a \u0627\u0644\u0648\u0644\u0627\u0621 \u0644\u0644\u0645\u0624\u0633\u0633\u0629 \u0648\u0627\u0644\u0632\u0645\u0644\u0627\u0621\u060c \u0648\u0627\u0644\u0642\u062f\u0631\u0629 \u0639\u0644\u0649 \u0627\u0644\u0639\u0645\u0644 \u0628\u0634\u0643\u0644 \u062e\u0644\u0627\u0642 \u0641\u064a \u0648\u062a\u064a\u0631\u0629 \u0639\u0645\u0644 \u0645\u0643\u062b\u0641\u0629 \u0648\u0625\u0646\u062a\u0627\u062c \u0623\u0641\u0643\u0627\u0631 \u0645\u0628\u062a\u0643\u0631\u0629.<\/p><p>\u0625\u0630\u0627 \u0643\u0646\u062a \u062a\u0631\u063a\u0628 \u0641\u064a \u0627\u0644\u0627\u0631\u062a\u0642\u0627\u0621 \u0628\u062d\u064a\u0627\u062a\u0643 \u0627\u0644\u0645\u0647\u0646\u064a\u0629 \u0625\u0644\u0649 \u0627\u0644\u0645\u0633\u062a\u0648\u0649 \u0627\u0644\u0623\u0639\u0644\u0649 \u0648\u0625\u0636\u0627\u0641\u0629 \u0642\u064a\u0645\u0629 \u0644\u0634\u0631\u0643\u062a\u0646\u0627\u060c \u064a\u0645\u0643\u0646\u0643 \u0625\u0631\u0633\u0627\u0644 \u0637\u0644\u0628\u0643 \u0639\u0644\u0649 \u0627\u0644\u0641\u0648\u0631.<\/p>\t\t\t\t\t<\/div>\n\t\t\t\t\t\t<\/div>\n\t\t\t\t<\/div>\n\t\t\t\t\t\t<\/div>\n\t\t\t\t\t<\/div>\n\t\t<\/div>\n\t\t\t\t\t\t\t\t<\/div>\n\t\t\t\t\t<\/div>\n\t\t<\/section>\n\t\t\t\t<section class=\"elementor-section elementor-inner-section elementor-element elementor-element-a4d01a6 elementor-section-boxed elementor-section-height-default elementor-section-height-default\" data-id=\"a4d01a6\" data-element_type=\"section\">\n\t\t\t\t\t\t<div class=\"elementor-container elementor-column-gap-default\">\n\t\t\t\t\t\t\t<div class=\"elementor-row\">\n\t\t\t\t\t<div class=\"elementor-column elementor-col-33 elementor-inner-column elementor-element elementor-element-b7dfe5f\" data-id=\"b7dfe5f\" data-element_type=\"column\">\n\t\t\t<div class=\"elementor-column-wrap elementor-element-populated\">\n\t\t\t\t\t\t\t<div class=\"elementor-widget-wrap\">\n\t\t\t\t\t\t<div class=\"elementor-element elementor-element-f8669dd elementor-widget elementor-widget-induxo-working-process\" data-id=\"f8669dd\" data-element_type=\"widget\" data-widget_type=\"induxo-working-process.default\">\n\t\t\t\t<div class=\"elementor-widget-container\">\n\t\t\t   \n\n     <div class=\"ts-application-process\">\n         <div class=\"application-process-img\">\n                           <img class=\"img-fluid\" src=\"http:\/\/www.simyatrade.com\/ar\/wp-content\/uploads\/2019\/04\/application_process_icon1.png\"\n               alt=\"\u062d\u0645\u0644 \u0633\u064a\u0631\u062a\u0643 \u0627\u0644\u0630\u0627\u062a\u064a\u0629  \">\n               \n         <\/div>\n         <h3 class=\"ts-single-working-process-title\">\u062d\u0645\u0644 \u0633\u064a\u0631\u062a\u0643 \u0627\u0644\u0630\u0627\u062a\u064a\u0629 <\/h3>\n      <\/div>\n\n      \t\t<\/div>\n\t\t\t\t<\/div>\n\t\t\t\t\t\t<\/div>\n\t\t\t\t\t<\/div>\n\t\t<\/div>\n\t\t\t\t<div class=\"elementor-column elementor-col-33 elementor-inner-column elementor-element elementor-element-0853ee8\" data-id=\"0853ee8\" data-element_type=\"column\">\n\t\t\t<div class=\"elementor-column-wrap elementor-element-populated\">\n\t\t\t\t\t\t\t<div class=\"elementor-widget-wrap\">\n\t\t\t\t\t\t<div class=\"elementor-element elementor-element-d84dfc5 elementor-widget elementor-widget-induxo-working-process\" data-id=\"d84dfc5\" data-element_type=\"widget\" data-widget_type=\"induxo-working-process.default\">\n\t\t\t\t<div class=\"elementor-widget-container\">\n\t\t\t   \n\n     <div class=\"ts-application-process\">\n         <div class=\"application-process-img\">\n                           <img class=\"img-fluid\" src=\"http:\/\/www.simyatrade.com\/ar\/wp-content\/uploads\/2019\/04\/application_process_icon2.png\"\n               alt=\"\u0623\u0645\u0644\u0623 \u0645\u0639\u0644\u0648\u0645\u0627\u062a\u0643  \">\n               \n         <\/div>\n         <h3 class=\"ts-single-working-process-title\">\u0623\u0645\u0644\u0623 \u0645\u0639\u0644\u0648\u0645\u0627\u062a\u0643 <\/h3>\n      <\/div>\n\n      \t\t<\/div>\n\t\t\t\t<\/div>\n\t\t\t\t\t\t<\/div>\n\t\t\t\t\t<\/div>\n\t\t<\/div>\n\t\t\t\t<div class=\"elementor-column elementor-col-33 elementor-inner-column elementor-element elementor-element-8d41bab\" data-id=\"8d41bab\" data-element_type=\"column\">\n\t\t\t<div class=\"elementor-column-wrap elementor-element-populated\">\n\t\t\t\t\t\t\t<div class=\"elementor-widget-wrap\">\n\t\t\t\t\t\t<div class=\"elementor-element elementor-element-9ade7f9 elementor-widget elementor-widget-induxo-working-process\" data-id=\"9ade7f9\" data-element_type=\"widget\" data-widget_type=\"induxo-working-process.default\">\n\t\t\t\t<div class=\"elementor-widget-container\">\n\t\t\t   \n\n     <div class=\"ts-application-process\">\n         <div class=\"application-process-img\">\n                           <img class=\"img-fluid\" src=\"http:\/\/www.simyatrade.com\/ar\/wp-content\/uploads\/2019\/04\/application_process_icon3.png\"\n               alt=\"\u0623\u0631\u0633\u0644 \u0637\u0644\u0628\u0643  \">\n               \n         <\/div>\n         <h3 class=\"ts-single-working-process-title\">\u0623\u0631\u0633\u0644 \u0637\u0644\u0628\u0643 <\/h3>\n      <\/div>\n\n      \t\t<\/div>\n\t\t\t\t<\/div>\n\t\t\t\t\t\t<\/div>\n\t\t\t\t\t<\/div>\n\t\t<\/div>\n\t\t\t\t\t\t\t\t<\/div>\n\t\t\t\t\t<\/div>\n\t\t<\/section>\n\t\t\t\t<section class=\"elementor-section elementor-inner-section elementor-element elementor-element-9bf2479 elementor-section-boxed elementor-section-height-default elementor-section-height-default\" data-id=\"9bf2479\" data-element_type=\"section\">\n\t\t\t\t\t\t<div class=\"elementor-container elementor-column-gap-default\">\n\t\t\t\t\t\t\t<div class=\"elementor-row\">\n\t\t\t\t\t<div class=\"elementor-column elementor-col-33 elementor-inner-column elementor-element elementor-element-a950f01\" data-id=\"a950f01\" data-element_type=\"column\">\n\t\t\t<div class=\"elementor-column-wrap\">\n\t\t\t\t\t\t\t<div class=\"elementor-widget-wrap\">\n\t\t\t\t\t\t\t\t<\/div>\n\t\t\t\t\t<\/div>\n\t\t<\/div>\n\t\t\t\t<div class=\"elementor-column elementor-col-33 elementor-inner-column elementor-element elementor-element-d04cf7b\" data-id=\"d04cf7b\" data-element_type=\"column\">\n\t\t\t<div class=\"elementor-column-wrap elementor-element-populated\">\n\t\t\t\t\t\t\t<div class=\"elementor-widget-wrap\">\n\t\t\t\t\t\t<div class=\"elementor-element elementor-element-a8e84fc elementor-widget elementor-widget-button\" data-id=\"a8e84fc\" data-element_type=\"widget\" data-widget_type=\"button.default\">\n\t\t\t\t<div class=\"elementor-widget-container\">\n\t\t\t\t\t<div class=\"elementor-button-wrapper\">\n\t\t\t<a href=\"https:\/\/www.simyatrade.com\/ar\/%d9%84%d9%84%d8%aa%d9%82%d8%af%d9%8a%d9%85\/\" class=\"elementor-button-link elementor-button elementor-size-sm\" role=\"button\">\n\t\t\t\t\t\t<span class=\"elementor-button-content-wrapper\">\n\t\t\t\t\t\t<span class=\"elementor-button-text\">\u0633\u062c\u0644 <\/span>\n\t\t<\/span>\n\t\t\t\t\t<\/a>\n\t\t<\/div>\n\t\t\t\t<\/div>\n\t\t\t\t<\/div>\n\t\t\t\t\t\t<\/div>\n\t\t\t\t\t<\/div>\n\t\t<\/div>\n\t\t\t\t<div class=\"elementor-column elementor-col-33 elementor-inner-column elementor-element elementor-element-bc5fe96\" data-id=\"bc5fe96\" data-element_type=\"column\">\n\t\t\t<div class=\"elementor-column-wrap\">\n\t\t\t\t\t\t\t<div class=\"elementor-widget-wrap\">\n\t\t\t\t\t\t\t\t<\/div>\n\t\t\t\t\t<\/div>\n\t\t<\/div>\n\t\t\t\t\t\t\t\t<\/div>\n\t\t\t\t\t<\/div>\n\t\t<\/section>\n\t\t\t\t\t\t<\/div>\n\t\t\t\t\t<\/div>\n\t\t<\/div>\n\t\t\t\t\t\t\t\t<\/div>\n\t\t\t\t\t<\/div>\n\t\t<\/section>\n\t\t\t\t\t\t\t\t\t<\/div>\n\t\t\t<\/div>\n\t\t\t\t\t<\/div>\n\t\t","protected":false},"excerpt":{"rendered":"<p>\u0642\u062f\u0645 \u0627\u0644\u0622\u0646 \u0642\u062f\u0645 \u0637\u0644\u0628\u064b\u0627 \u0644\u0644\u0627\u0646\u0636\u0645\u0627\u0645 \u0625\u0644\u0649 \u0641\u0631\u064a\u0642\u0646\u0627 \u0648\u0627\u0644\u0627\u0633\u062a\u0641\u0627\u062f\u0629 \u0645\u0646 \u0627\u0644\u0641\u0631\u0635 \u0627\u0644\u0648\u0638\u064a\u0641\u064a\u0629. \u0644\u0644\u062a\u0642\u062f\u064a\u0645 \u0644\u0644\u062a\u0648\u0627\u0635\u0644 \u00dcnalan Mah. Libadiye Cad. Emar Residence Blok No: 82E\u00a0 \u0130\u00e7 Kap\u0131 No: 23 \u00dcsk\u00fcdar \/ \u0130STANBUL +905302354438 :\u0647\u0627\u062a\u0641info@simyatrade.com :\u0627\u0644\u0628\u0631\u064a\u062f \u0627\u0644\u0625\u0644\u0643\u062a\u0631\u0648\u0646\u064a \u0627\u062a\u0635\u0644 \u0628\u0646\u0627 \u0641\u0631\u0635 \u0627\u0644\u0639\u0645\u0644 \u0641\u064a \u0633\u064a\u0645\u064a\u0627 \u0645\u0646 \u0623\u062c\u0644 \u062a\u0642\u062f\u064a\u0645 \u0623\u0641\u0636\u0644 \u0627\u0644\u0646\u062a\u0627\u0626\u062c \u0627\u0644\u0639\u0645\u0644\u064a\u0629 \u0644\u0644\u0634\u0631\u0643\u0627\u062a \u0627\u0644\u062a\u064a \u0646\u062a\u0634\u0627\u0631\u0643 \u0645\u0639\u0647\u0627\u060c \u0646\u0631\u0643\u0632 \u0639\u0644\u0649 \u0627\u0644\u0646\u062c\u0627\u062d \u0628\u0627\u0633\u062a\u062e\u062f\u0627\u0645 \u0645\u0639\u0631\u0641\u062a\u0646\u0627 \u0648\u062e\u0628\u0631\u062a\u0646\u0627 [&hellip;]<\/p>\n","protected":false},"author":1,"featured_media":0,"parent":0,"menu_order":0,"comment_status":"closed","ping_status":"closed","template":"template\/full-width-template.php","meta":{"_joinchat":[]},"_links":{"self":[{"href":"https:\/\/www.simyatrade.com\/ar\/wp-json\/wp\/v2\/pages\/1189"}],"collection":[{"href":"https:\/\/www.simyatrade.com\/ar\/wp-json\/wp\/v2\/pages"}],"about":[{"href":"https:\/\/www.simyatrade.com\/ar\/wp-json\/wp\/v2\/types\/page"}],"author":[{"embeddable":true,"href":"https:\/\/www.simyatrade.com\/ar\/wp-json\/wp\/v2\/users\/1"}],"replies":[{"embeddable":true,"href":"https:\/\/www.simyatrade.com\/ar\/wp-json\/wp\/v2\/comments?post=1189"}],"version-history":[{"count":109,"href":"https:\/\/www.simyatrade.com\/ar\/wp-json\/wp\/v2\/pages\/1189\/revisions"}],"predecessor-version":[{"id":3329,"href":"https:\/\/www.simyatrade.com\/ar\/wp-json\/wp\/v2\/pages\/1189\/revisions\/3329"}],"wp:attachment":[{"href":"https:\/\/www.simyatrade.com\/ar\/wp-json\/wp\/v2\/media?parent=1189"}],"curies":[{"name":"wp","href":"https:\/\/api.w.org\/{rel}","templated":true}]}}