{"id":1270,"date":"2019-04-25T11:25:37","date_gmt":"2019-04-25T11:25:37","guid":{"rendered":"http:\/\/www.simyatrade.com\/ar\/?page_id=1270"},"modified":"2022-10-06T11:05:13","modified_gmt":"2022-10-06T14:05:13","slug":"%d9%84%d9%84%d8%aa%d9%82%d8%af%d9%8a%d9%85","status":"publish","type":"page","link":"https:\/\/www.simyatrade.com\/ar\/%d9%84%d9%84%d8%aa%d9%82%d8%af%d9%8a%d9%85\/","title":{"rendered":"\u0627\u062a\u0635\u0644 \u0628\u0646\u0627"},"content":{"rendered":"\t\t<div data-elementor-type=\"wp-post\" data-elementor-id=\"1270\" class=\"elementor elementor-1270\">\n\t\t\t\t\t\t<div class=\"elementor-inner\">\n\t\t\t\t<div class=\"elementor-section-wrap\">\n\t\t\t\t\t\t\t\t\t<section class=\"elementor-section elementor-top-section elementor-element elementor-element-79d4a3f elementor-section-boxed elementor-section-height-default elementor-section-height-default\" data-id=\"79d4a3f\" data-element_type=\"section\">\n\t\t\t\t\t\t<div class=\"elementor-container elementor-column-gap-default\">\n\t\t\t\t\t\t\t<div class=\"elementor-row\">\n\t\t\t\t\t<div class=\"elementor-column elementor-col-50 elementor-top-column elementor-element elementor-element-5277712\" data-id=\"5277712\" data-element_type=\"column\" data-settings=\"{&quot;background_background&quot;:&quot;classic&quot;}\">\n\t\t\t<div class=\"elementor-column-wrap elementor-element-populated\">\n\t\t\t\t\t\t\t<div class=\"elementor-widget-wrap\">\n\t\t\t\t\t\t<div class=\"elementor-element elementor-element-b60c56a elementor-widget elementor-widget-induxo-title\" data-id=\"b60c56a\" data-element_type=\"widget\" data-widget_type=\"induxo-title.default\">\n\t\t\t\t<div class=\"elementor-widget-container\">\n\t\t\t         <div class=\"section-heading-content\">\n                  <small class=\"title-bg-small\">\u0627\u062a\u0635\u0644 \u0628\u0646\u0627<\/small>\n                    <h2 class=\"section-title title-center\">\n                 \u0645\u0639\u0644\u0648\u0645\u0627\u062a \u0627\u0644\u0627\u062a\u0635\u0627\u0644             <\/h2>\n         <\/div><!-- Section title -->\t\t\n         \n\n     \n    \t\t<\/div>\n\t\t\t\t<\/div>\n\t\t\t\t<div class=\"elementor-element elementor-element-e14caee elementor-widget elementor-widget-shortcode\" data-id=\"e14caee\" data-element_type=\"widget\" data-widget_type=\"shortcode.default\">\n\t\t\t\t<div class=\"elementor-widget-container\">\n\t\t\t\t\t<div class=\"elementor-shortcode\"><div role=\"form\" class=\"wpcf7\" id=\"wpcf7-f358-o1\" lang=\"en-US\" dir=\"ltr\">\n<div class=\"screen-reader-response\"><p role=\"status\" aria-live=\"polite\" aria-atomic=\"true\"><\/p> <ul><\/ul><\/div>\n<form action=\"\/ar\/wp-json\/wp\/v2\/pages\/1270#wpcf7-f358-o1\" method=\"post\" class=\"wpcf7-form init\" enctype=\"multipart\/form-data\" novalidate=\"novalidate\" data-status=\"init\">\n<div style=\"display: none;\">\n<input type=\"hidden\" name=\"_wpcf7\" value=\"358\" \/>\n<input type=\"hidden\" name=\"_wpcf7_version\" value=\"5.6.3\" \/>\n<input type=\"hidden\" name=\"_wpcf7_locale\" value=\"en_US\" \/>\n<input type=\"hidden\" name=\"_wpcf7_unit_tag\" value=\"wpcf7-f358-o1\" \/>\n<input type=\"hidden\" name=\"_wpcf7_container_post\" value=\"0\" \/>\n<input type=\"hidden\" name=\"_wpcf7_posted_data_hash\" value=\"\" \/>\n<\/div>\n<div class=\"ts-contact-form\">\n<div class=\"ts-form-group\">\n<div class=\"ts-form contactMe\">\n<div class=\"row\">\n<div class=\"col-lg-6\">\n<span class=\"wpcf7-form-control-wrap\" data-name=\"text-49\"><input type=\"text\" name=\"text-49\" value=\"\" size=\"40\" class=\"wpcf7-form-control wpcf7-text form-control field\" aria-invalid=\"false\" placeholder=\"\u0627\u0644\u0627\u0633\u0645\" \/><\/span>\n                                        <\/div>\n<div class=\"col-lg-6\">\n<span class=\"wpcf7-form-control-wrap\" data-name=\"text-49\"><input type=\"text\" name=\"text-49\" value=\"\" size=\"40\" class=\"wpcf7-form-control wpcf7-text form-control field\" aria-invalid=\"false\" placeholder=\"\u0627\u0644\u0644\u0642\u0628\" \/><\/span>\n                                        <\/div>\n<\/div>\n<div class=\"row\">\n<div class=\"col-lg-6\">\n<span class=\"wpcf7-form-control-wrap\" data-name=\"email-980\"><input type=\"email\" name=\"email-980\" value=\"\" size=\"40\" class=\"wpcf7-form-control wpcf7-text wpcf7-email wpcf7-validates-as-required wpcf7-validates-as-email form-control field\" aria-required=\"true\" aria-invalid=\"false\" placeholder=\"\u0639\u0646\u0648\u0627\u0646 \u0627\u0644\u0628\u0631\u064a\u062f \u0627\u0644\u0627\u0644\u0643\u062a\u0631\u0648\u0646\u064a\" \/><\/span>\n                                        <\/div>\n<div class=\"col-lg-6\">\n <span class=\"wpcf7-form-control-wrap\" data-name=\"tel-897\"><input type=\"tel\" name=\"tel-897\" value=\"\" size=\"40\" class=\"wpcf7-form-control wpcf7-text wpcf7-tel wpcf7-validates-as-tel form-control field\" aria-invalid=\"false\" placeholder=\"\u0631\u0642\u0645 \u0627\u0644\u0645\u062d\u0645\u0648\u0644\" \/><\/span><\/p>\n<\/div>\n<div class=\"col-lg-6\">\n<span class=\"wpcf7-form-control-wrap\" data-name=\"text-49\"><input type=\"text\" name=\"text-49\" value=\"\" size=\"40\" class=\"wpcf7-form-control wpcf7-text form-control field\" aria-invalid=\"false\" placeholder=\"\u0627\u0644\u0645\u0648\u0642\u0639\" \/><\/span>\n                                        <\/div>\n<div class=\"col-lg-6\">\n<span class=\"wpcf7-form-control-wrap\" data-name=\"file-541\"><input type=\"file\" name=\"file-541\" size=\"40\" class=\"wpcf7-form-control wpcf7-file wpcf7-validates-as-required\" id=\"File\" accept=\"audio\/*,video\/*,image\/*\" aria-required=\"true\" aria-invalid=\"false\" \/><\/span>\n                                        <\/div>\n<\/div>\n<p><span class=\"wpcf7-form-control-wrap\" data-name=\"textarea-463\"><textarea name=\"textarea-463\" cols=\"40\" rows=\"10\" class=\"wpcf7-form-control wpcf7-textarea wpcf7-validates-as-required form-control message-box field\" aria-required=\"true\" aria-invalid=\"false\" placeholder=\"\u0631\u0633\u0627\u0644\u062a\u0643\"><\/textarea><\/span><\/p>\n<div class=\"ts-btn-wraper\">\n                                   <input type=\"submit\" value=\"\u0623\u0631\u0633\u0644\" class=\"wpcf7-form-control has-spinner wpcf7-submit btn\" \/>\n                                    <\/div>\n<div class=\"msg\"><\/div>\n<\/div>\n<\/div>\n<\/div>\n<p style=\"display: none !important;\"><label>&#916;<textarea name=\"_wpcf7_ak_hp_textarea\" cols=\"45\" rows=\"8\" maxlength=\"100\"><\/textarea><\/label><input type=\"hidden\" id=\"ak_js_1\" name=\"_wpcf7_ak_js\" value=\"203\"\/><script>document.getElementById( \"ak_js_1\" ).setAttribute( \"value\", ( new Date() ).getTime() );<\/script><\/p><div class=\"wpcf7-response-output\" aria-hidden=\"true\"><\/div><\/form><\/div><\/div>\n\t\t\t\t<\/div>\n\t\t\t\t<\/div>\n\t\t\t\t\t\t<\/div>\n\t\t\t\t\t<\/div>\n\t\t<\/div>\n\t\t\t\t<div class=\"elementor-column elementor-col-50 elementor-top-column elementor-element elementor-element-8398a65\" data-id=\"8398a65\" data-element_type=\"column\" data-settings=\"{&quot;background_background&quot;:&quot;classic&quot;}\">\n\t\t\t<div class=\"elementor-column-wrap elementor-element-populated\">\n\t\t\t\t\t\t\t<div class=\"elementor-widget-wrap\">\n\t\t\t\t\t\t<section class=\"elementor-section elementor-inner-section elementor-element elementor-element-b0c5fb4 elementor-section-boxed elementor-section-height-default elementor-section-height-default\" data-id=\"b0c5fb4\" data-element_type=\"section\">\n\t\t\t\t\t\t<div class=\"elementor-container elementor-column-gap-default\">\n\t\t\t\t\t\t\t<div class=\"elementor-row\">\n\t\t\t\t\t<div class=\"elementor-column elementor-col-100 elementor-inner-column elementor-element elementor-element-ed8a379\" data-id=\"ed8a379\" data-element_type=\"column\">\n\t\t\t<div class=\"elementor-column-wrap elementor-element-populated\">\n\t\t\t\t\t\t\t<div class=\"elementor-widget-wrap\">\n\t\t\t\t\t\t<div class=\"elementor-element elementor-element-5909272 elementor-widget elementor-widget-heading\" data-id=\"5909272\" data-element_type=\"widget\" data-widget_type=\"heading.default\">\n\t\t\t\t<div class=\"elementor-widget-container\">\n\t\t\t<h2 class=\"elementor-heading-title elementor-size-default\"><br>\u0627\u0644\u062c\u0645\u0647\u0648\u0631\u064a\u0629 \u0627\u0644\u062a\u0631\u0643\u064a\u0629 <\/h2>\t\t<\/div>\n\t\t\t\t<\/div>\n\t\t\t\t<div class=\"elementor-element elementor-element-47f1867 elementor-widget elementor-widget-text-editor\" data-id=\"47f1867\" data-element_type=\"widget\" data-widget_type=\"text-editor.default\">\n\t\t\t\t<div class=\"elementor-widget-container\">\n\t\t\t\t\t\t\t\t<div class=\"elementor-text-editor elementor-clearfix\">\n\t\t\t\t<p>\u00dcnalan Mah. Libadiye Cad. Emar Residence Blok No: 82E \u0130\u00e7 Kap\u0131 No: 23 \u00dcsk\u00fcdar \/ \u0130STANBUL<\/p><p>+905302354438 :\u0647\u0627\u062a\u0641<br \/>info@simyatrade.com :\u0627\u0644\u0628\u0631\u064a\u062f \u0627\u0644\u0625\u0644\u0643\u062a\u0631\u0648\u0646\u064a<\/p>\t\t\t\t\t<\/div>\n\t\t\t\t\t\t<\/div>\n\t\t\t\t<\/div>\n\t\t\t\t\t\t<\/div>\n\t\t\t\t\t<\/div>\n\t\t<\/div>\n\t\t\t\t\t\t\t\t<\/div>\n\t\t\t\t\t<\/div>\n\t\t<\/section>\n\t\t\t\t<section class=\"elementor-section elementor-inner-section elementor-element elementor-element-ee125ad elementor-section-boxed elementor-section-height-default elementor-section-height-default\" data-id=\"ee125ad\" data-element_type=\"section\">\n\t\t\t\t\t\t<div class=\"elementor-container elementor-column-gap-default\">\n\t\t\t\t\t\t\t<div class=\"elementor-row\">\n\t\t\t\t\t<div class=\"elementor-column elementor-col-100 elementor-inner-column elementor-element elementor-element-c0c8a13\" data-id=\"c0c8a13\" data-element_type=\"column\">\n\t\t\t<div class=\"elementor-column-wrap elementor-element-populated\">\n\t\t\t\t\t\t\t<div class=\"elementor-widget-wrap\">\n\t\t\t\t\t\t<div class=\"elementor-element elementor-element-275f861 elementor-widget elementor-widget-heading\" data-id=\"275f861\" data-element_type=\"widget\" data-widget_type=\"heading.default\">\n\t\t\t\t<div class=\"elementor-widget-container\">\n\t\t\t<h2 class=\"elementor-heading-title elementor-size-default\">\u0627\u0644\u0648\u0644\u0627\u064a\u0627\u062a \u0627\u0644\u0645\u062a\u062d\u062f\u0629 \u0627\u0644\u0623\u0645\u0631\u064a\u0643\u064a\u0629<\/h2>\t\t<\/div>\n\t\t\t\t<\/div>\n\t\t\t\t<div class=\"elementor-element elementor-element-e8e3dc1 elementor-widget elementor-widget-text-editor\" data-id=\"e8e3dc1\" data-element_type=\"widget\" data-widget_type=\"text-editor.default\">\n\t\t\t\t<div class=\"elementor-widget-container\">\n\t\t\t\t\t\t\t\t<div class=\"elementor-text-editor elementor-clearfix\">\n\t\t\t\t<p>10752-A Tucker St. Beltsville, MD 20705<\/p><p>301.937.0393 :\u0647\u0627\u062a\u0641<br \/>info@ntrecycling.com :\u0627\u0644\u0628\u0631\u064a\u062f \u0627\u0644\u0625\u0644\u0643\u062a\u0631\u0648\u0646\u064a<\/p>\t\t\t\t\t<\/div>\n\t\t\t\t\t\t<\/div>\n\t\t\t\t<\/div>\n\t\t\t\t\t\t<\/div>\n\t\t\t\t\t<\/div>\n\t\t<\/div>\n\t\t\t\t\t\t\t\t<\/div>\n\t\t\t\t\t<\/div>\n\t\t<\/section>\n\t\t\t\t\t\t<\/div>\n\t\t\t\t\t<\/div>\n\t\t<\/div>\n\t\t\t\t\t\t\t\t<\/div>\n\t\t\t\t\t<\/div>\n\t\t<\/section>\n\t\t\t\t<section class=\"elementor-section elementor-top-section elementor-element elementor-element-374d320 elementor-section-full_width elementor-section-height-default elementor-section-height-default\" data-id=\"374d320\" data-element_type=\"section\">\n\t\t\t\t\t\t<div class=\"elementor-container elementor-column-gap-no\">\n\t\t\t\t\t\t\t<div class=\"elementor-row\">\n\t\t\t\t\t<div class=\"elementor-column elementor-col-100 elementor-top-column elementor-element elementor-element-f9d1650\" data-id=\"f9d1650\" data-element_type=\"column\">\n\t\t\t<div class=\"elementor-column-wrap elementor-element-populated\">\n\t\t\t\t\t\t\t<div class=\"elementor-widget-wrap\">\n\t\t\t\t\t\t<div class=\"elementor-element elementor-element-b51b68f elementor-widget elementor-widget-google_maps\" data-id=\"b51b68f\" data-element_type=\"widget\" data-widget_type=\"google_maps.default\">\n\t\t\t\t<div class=\"elementor-widget-container\">\n\t\t\t\t\t<div class=\"elementor-custom-embed\">\n\t\t\t<iframe frameborder=\"0\" scrolling=\"no\" marginheight=\"0\" marginwidth=\"0\"\n\t\t\t\t\tsrc=\"https:\/\/maps.google.com\/maps?q=%C3%9Cnalan%20Mah.%20Libadiye%20Cad.%20Emar%20Residence%20Blok%20No%3A%2082E%20%C4%B0%C3%A7%20Kap%C4%B1%20No%3A%2023%20%C3%9Cskidar%20%2F%20%C4%B0STANBUL&#038;t=m&#038;z=13&#038;output=embed&#038;iwloc=near\"\n\t\t\t\t\ttitle=\"\u00dcnalan Mah. Libadiye Cad. Emar Residence Blok No: 82E \u0130\u00e7 Kap\u0131 No: 23 \u00dcskidar \/ \u0130STANBUL\"\n\t\t\t\t\taria-label=\"\u00dcnalan Mah. Libadiye Cad. Emar Residence Blok No: 82E \u0130\u00e7 Kap\u0131 No: 23 \u00dcskidar \/ \u0130STANBUL\"\n\t\t\t><\/iframe>\n\t\t<\/div>\n\t\t\t\t<\/div>\n\t\t\t\t<\/div>\n\t\t\t\t\t\t<\/div>\n\t\t\t\t\t<\/div>\n\t\t<\/div>\n\t\t\t\t\t\t\t\t<\/div>\n\t\t\t\t\t<\/div>\n\t\t<\/section>\n\t\t\t\t\t\t\t\t\t<\/div>\n\t\t\t<\/div>\n\t\t\t\t\t<\/div>\n\t\t","protected":false},"excerpt":{"rendered":"<p>\u0627\u062a\u0635\u0644 \u0628\u0646\u0627 \u0645\u0639\u0644\u0648\u0645\u0627\u062a \u0627\u0644\u0627\u062a\u0635\u0627\u0644 \u0627\u0644\u062c\u0645\u0647\u0648\u0631\u064a\u0629 \u0627\u0644\u062a\u0631\u0643\u064a\u0629 \u00dcnalan Mah. Libadiye Cad. Emar Residence Blok No: 82E \u0130\u00e7 Kap\u0131 No: 23 \u00dcsk\u00fcdar \/ \u0130STANBUL +905302354438 :\u0647\u0627\u062a\u0641 info@simyatrade.com :\u0627\u0644\u0628\u0631\u064a\u062f \u0627\u0644\u0625\u0644\u0643\u062a\u0631\u0648\u0646\u064a \u0627\u0644\u0648\u0644\u0627\u064a\u0627\u062a \u0627\u0644\u0645\u062a\u062d\u062f\u0629 \u0627\u0644\u0623\u0645\u0631\u064a\u0643\u064a\u0629 10752-A Tucker St. Beltsville, MD 20705 301.937.0393 :\u0647\u0627\u062a\u0641 info@ntrecycling.com :\u0627\u0644\u0628\u0631\u064a\u062f \u0627\u0644\u0625\u0644\u0643\u062a\u0631\u0648\u0646\u064a<\/p>\n","protected":false},"author":1,"featured_media":0,"parent":0,"menu_order":0,"comment_status":"closed","ping_status":"closed","template":"template\/full-width-template.php","meta":{"_joinchat":[]},"_links":{"self":[{"href":"https:\/\/www.simyatrade.com\/ar\/wp-json\/wp\/v2\/pages\/1270"}],"collection":[{"href":"https:\/\/www.simyatrade.com\/ar\/wp-json\/wp\/v2\/pages"}],"about":[{"href":"https:\/\/www.simyatrade.com\/ar\/wp-json\/wp\/v2\/types\/page"}],"author":[{"embeddable":true,"href":"https:\/\/www.simyatrade.com\/ar\/wp-json\/wp\/v2\/users\/1"}],"replies":[{"embeddable":true,"href":"https:\/\/www.simyatrade.com\/ar\/wp-json\/wp\/v2\/comments?post=1270"}],"version-history":[{"count":60,"href":"https:\/\/www.simyatrade.com\/ar\/wp-json\/wp\/v2\/pages\/1270\/revisions"}],"predecessor-version":[{"id":3163,"href":"https:\/\/www.simyatrade.com\/ar\/wp-json\/wp\/v2\/pages\/1270\/revisions\/3163"}],"wp:attachment":[{"href":"https:\/\/www.simyatrade.com\/ar\/wp-json\/wp\/v2\/media?parent=1270"}],"curies":[{"name":"wp","href":"https:\/\/api.w.org\/{rel}","templated":true}]}}