{"id":3057,"date":"2022-09-19T12:55:35","date_gmt":"2022-09-19T15:55:35","guid":{"rendered":"https:\/\/www.simyatrade.com\/tr\/?page_id=3057"},"modified":"2022-09-22T09:43:19","modified_gmt":"2022-09-22T12:43:19","slug":"iletisim","status":"publish","type":"page","link":"https:\/\/www.simyatrade.com\/tr\/iletisim\/","title":{"rendered":"Bize Ula\u015f\u0131n"},"content":{"rendered":"\t\t<div data-elementor-type=\"wp-post\" data-elementor-id=\"3057\" class=\"elementor elementor-3057\">\n\t\t\t\t\t\t<div class=\"elementor-inner\">\n\t\t\t\t<div class=\"elementor-section-wrap\">\n\t\t\t\t\t\t\t\t\t<section class=\"elementor-section elementor-top-section elementor-element elementor-element-79d4a3f elementor-section-boxed elementor-section-height-default elementor-section-height-default\" data-id=\"79d4a3f\" data-element_type=\"section\">\n\t\t\t\t\t\t<div class=\"elementor-container elementor-column-gap-default\">\n\t\t\t\t\t\t\t<div class=\"elementor-row\">\n\t\t\t\t\t<div class=\"elementor-column elementor-col-50 elementor-top-column elementor-element elementor-element-5277712\" data-id=\"5277712\" data-element_type=\"column\" data-settings=\"{&quot;background_background&quot;:&quot;classic&quot;}\">\n\t\t\t<div class=\"elementor-column-wrap elementor-element-populated\">\n\t\t\t\t\t\t\t<div class=\"elementor-widget-wrap\">\n\t\t\t\t\t\t<div class=\"elementor-element elementor-element-b60c56a elementor-widget elementor-widget-induxo-title\" data-id=\"b60c56a\" data-element_type=\"widget\" data-widget_type=\"induxo-title.default\">\n\t\t\t\t<div class=\"elementor-widget-container\">\n\t\t\t         <div class=\"section-heading-content\">\n                  <small class=\"title-bg-small\">Bize ula\u015f\u0131n<\/small>\n                    <h2 class=\"section-title title-center\">\n                 Hemen <span>\u0130leti\u015fime<\/span> Ge\u00e7in            <\/h2>\n         <\/div><!-- Section title -->\t\t\n         \n\n     \n    \t\t<\/div>\n\t\t\t\t<\/div>\n\t\t\t\t<div class=\"elementor-element elementor-element-e14caee elementor-widget elementor-widget-shortcode\" data-id=\"e14caee\" data-element_type=\"widget\" data-widget_type=\"shortcode.default\">\n\t\t\t\t<div class=\"elementor-widget-container\">\n\t\t\t\t\t<div class=\"elementor-shortcode\"><div role=\"form\" class=\"wpcf7\" id=\"wpcf7-f358-o1\" lang=\"en-US\" dir=\"ltr\">\n<div class=\"screen-reader-response\"><p role=\"status\" aria-live=\"polite\" aria-atomic=\"true\"><\/p> <ul><\/ul><\/div>\n<form action=\"\/tr\/wp-json\/wp\/v2\/pages\/3057#wpcf7-f358-o1\" method=\"post\" class=\"wpcf7-form init\" enctype=\"multipart\/form-data\" novalidate=\"novalidate\" data-status=\"init\">\n<div style=\"display: none;\">\n<input type=\"hidden\" name=\"_wpcf7\" value=\"358\" \/>\n<input type=\"hidden\" name=\"_wpcf7_version\" value=\"5.6.3\" \/>\n<input type=\"hidden\" name=\"_wpcf7_locale\" value=\"en_US\" \/>\n<input type=\"hidden\" name=\"_wpcf7_unit_tag\" value=\"wpcf7-f358-o1\" \/>\n<input type=\"hidden\" name=\"_wpcf7_container_post\" value=\"0\" \/>\n<input type=\"hidden\" name=\"_wpcf7_posted_data_hash\" value=\"\" \/>\n<\/div>\n<div class=\"ts-contact-form\">\n<div class=\"ts-form-group\">\n<div class=\"ts-form contactMe\">\n<div class=\"row\">\n<div class=\"col-lg-6\">\n<span class=\"wpcf7-form-control-wrap\" data-name=\"text-49\"><input type=\"text\" name=\"text-49\" value=\"\" size=\"40\" class=\"wpcf7-form-control wpcf7-text form-control field\" aria-invalid=\"false\" placeholder=\"\u0130sminiz\" \/><\/span>\n                                        <\/div>\n<div class=\"col-lg-6\">\n<span class=\"wpcf7-form-control-wrap\" data-name=\"text-49\"><input type=\"text\" name=\"text-49\" value=\"\" size=\"40\" class=\"wpcf7-form-control wpcf7-text form-control field\" aria-invalid=\"false\" placeholder=\"Soyisminiz\" \/><\/span>\n                                        <\/div>\n<\/div>\n<div class=\"row\">\n<div class=\"col-lg-6\">\n<span class=\"wpcf7-form-control-wrap\" data-name=\"email-980\"><input type=\"email\" name=\"email-980\" value=\"\" size=\"40\" class=\"wpcf7-form-control wpcf7-text wpcf7-email wpcf7-validates-as-required wpcf7-validates-as-email form-control field\" aria-required=\"true\" aria-invalid=\"false\" placeholder=\"E-mail Adresiniz\" \/><\/span>\n                                        <\/div>\n<div class=\"col-lg-6\">\n <span class=\"wpcf7-form-control-wrap\" data-name=\"tel-897\"><input type=\"tel\" name=\"tel-897\" value=\"\" size=\"40\" class=\"wpcf7-form-control wpcf7-text wpcf7-tel wpcf7-validates-as-tel form-control field\" aria-invalid=\"false\" placeholder=\"Telefon Numaran\u0131z\" \/><\/span><\/p>\n<\/div>\n<div class=\"col-lg-6\">\n<span class=\"wpcf7-form-control-wrap\" data-name=\"text-49\"><input type=\"text\" name=\"text-49\" value=\"\" size=\"40\" class=\"wpcf7-form-control wpcf7-text form-control field\" aria-invalid=\"false\" placeholder=\"Konu\" \/><\/span>\n                                        <\/div>\n<div class=\"col-lg-6\">\n<span class=\"wpcf7-form-control-wrap\" data-name=\"file-316\"><input type=\"file\" name=\"file-316\" size=\"40\" class=\"wpcf7-form-control wpcf7-file\" accept=\"audio\/*,video\/*,image\/*\" aria-invalid=\"false\" \/><\/span><\/p>\n<\/div>\n<\/div>\n<p><span class=\"wpcf7-form-control-wrap\" data-name=\"textarea-463\"><textarea name=\"textarea-463\" cols=\"40\" rows=\"10\" class=\"wpcf7-form-control wpcf7-textarea wpcf7-validates-as-required form-control message-box field\" aria-required=\"true\" aria-invalid=\"false\" placeholder=\"Mesaj\u0131n\u0131z\"><\/textarea><\/span><\/p>\n<div class=\"ts-btn-wraper\">\n                                   <input type=\"submit\" value=\"G\u00f6nder\" class=\"wpcf7-form-control has-spinner wpcf7-submit btn\" \/>\n                                    <\/div>\n<div class=\"msg\"><\/div>\n<\/div>\n<\/div>\n<\/div>\n<p style=\"display: none !important;\"><label>&#916;<textarea name=\"_wpcf7_ak_hp_textarea\" cols=\"45\" rows=\"8\" maxlength=\"100\"><\/textarea><\/label><input type=\"hidden\" id=\"ak_js_1\" name=\"_wpcf7_ak_js\" value=\"237\"\/><script>document.getElementById( \"ak_js_1\" ).setAttribute( \"value\", ( new Date() ).getTime() );<\/script><\/p><div class=\"wpcf7-response-output\" aria-hidden=\"true\"><\/div><\/form><\/div><\/div>\n\t\t\t\t<\/div>\n\t\t\t\t<\/div>\n\t\t\t\t\t\t<\/div>\n\t\t\t\t\t<\/div>\n\t\t<\/div>\n\t\t\t\t<div class=\"elementor-column elementor-col-50 elementor-top-column elementor-element elementor-element-8398a65\" data-id=\"8398a65\" data-element_type=\"column\" data-settings=\"{&quot;background_background&quot;:&quot;classic&quot;}\">\n\t\t\t<div class=\"elementor-column-wrap elementor-element-populated\">\n\t\t\t\t\t\t\t<div class=\"elementor-widget-wrap\">\n\t\t\t\t\t\t<section class=\"elementor-section elementor-inner-section elementor-element elementor-element-b0c5fb4 elementor-section-boxed elementor-section-height-default elementor-section-height-default\" data-id=\"b0c5fb4\" data-element_type=\"section\">\n\t\t\t\t\t\t<div class=\"elementor-container elementor-column-gap-default\">\n\t\t\t\t\t\t\t<div class=\"elementor-row\">\n\t\t\t\t\t<div class=\"elementor-column elementor-col-100 elementor-inner-column elementor-element elementor-element-ed8a379\" data-id=\"ed8a379\" data-element_type=\"column\">\n\t\t\t<div class=\"elementor-column-wrap elementor-element-populated\">\n\t\t\t\t\t\t\t<div class=\"elementor-widget-wrap\">\n\t\t\t\t\t\t<div class=\"elementor-element elementor-element-5909272 elementor-widget elementor-widget-heading\" data-id=\"5909272\" data-element_type=\"widget\" data-widget_type=\"heading.default\">\n\t\t\t\t<div class=\"elementor-widget-container\">\n\t\t\t<h2 class=\"elementor-heading-title elementor-size-default\"><br>T\u00fcrkiye Cumhuriyeti<\/h2>\t\t<\/div>\n\t\t\t\t<\/div>\n\t\t\t\t<div class=\"elementor-element elementor-element-47f1867 elementor-widget elementor-widget-text-editor\" data-id=\"47f1867\" data-element_type=\"widget\" data-widget_type=\"text-editor.default\">\n\t\t\t\t<div class=\"elementor-widget-container\">\n\t\t\t\t\t\t\t\t<div class=\"elementor-text-editor elementor-clearfix\">\n\t\t\t\t<p>\u00dcnalan Mah. Libadiye Cad. Emar Residence Blok No: 82E \u0130\u00e7 Kap\u0131 No: 23 \u00dcsk\u00fcdar \/ \u0130STANBUL<\/p><p>Tel: +905302354438<br \/>Email:\u00a0<a href=\"http:\/\/localhost\/HTML\/induxo\/contact-us.html#\">info@simyatrade.com<\/a><\/p>\t\t\t\t\t<\/div>\n\t\t\t\t\t\t<\/div>\n\t\t\t\t<\/div>\n\t\t\t\t\t\t<\/div>\n\t\t\t\t\t<\/div>\n\t\t<\/div>\n\t\t\t\t\t\t\t\t<\/div>\n\t\t\t\t\t<\/div>\n\t\t<\/section>\n\t\t\t\t<section class=\"elementor-section elementor-inner-section elementor-element elementor-element-ee125ad elementor-section-boxed elementor-section-height-default elementor-section-height-default\" data-id=\"ee125ad\" data-element_type=\"section\">\n\t\t\t\t\t\t<div class=\"elementor-container elementor-column-gap-default\">\n\t\t\t\t\t\t\t<div class=\"elementor-row\">\n\t\t\t\t\t<div class=\"elementor-column elementor-col-100 elementor-inner-column elementor-element elementor-element-c0c8a13\" data-id=\"c0c8a13\" data-element_type=\"column\">\n\t\t\t<div class=\"elementor-column-wrap elementor-element-populated\">\n\t\t\t\t\t\t\t<div class=\"elementor-widget-wrap\">\n\t\t\t\t\t\t<div class=\"elementor-element elementor-element-275f861 elementor-widget elementor-widget-heading\" data-id=\"275f861\" data-element_type=\"widget\" data-widget_type=\"heading.default\">\n\t\t\t\t<div class=\"elementor-widget-container\">\n\t\t\t<h2 class=\"elementor-heading-title elementor-size-default\">Amerika Birle\u015fik Devletleri<\/h2>\t\t<\/div>\n\t\t\t\t<\/div>\n\t\t\t\t<div class=\"elementor-element elementor-element-e8e3dc1 elementor-widget elementor-widget-text-editor\" data-id=\"e8e3dc1\" data-element_type=\"widget\" data-widget_type=\"text-editor.default\">\n\t\t\t\t<div class=\"elementor-widget-container\">\n\t\t\t\t\t\t\t\t<div class=\"elementor-text-editor elementor-clearfix\">\n\t\t\t\t<p>10752-A Tucker St. Beltsville, MD 20705<\/p><p>Tel: 301.937.0393<br \/>Email:\u00a0<a href=\"http:\/\/localhost\/HTML\/induxo\/contact-us.html#\">info@ntrecycling.com<\/a><\/p>\t\t\t\t\t<\/div>\n\t\t\t\t\t\t<\/div>\n\t\t\t\t<\/div>\n\t\t\t\t\t\t<\/div>\n\t\t\t\t\t<\/div>\n\t\t<\/div>\n\t\t\t\t\t\t\t\t<\/div>\n\t\t\t\t\t<\/div>\n\t\t<\/section>\n\t\t\t\t\t\t<\/div>\n\t\t\t\t\t<\/div>\n\t\t<\/div>\n\t\t\t\t\t\t\t\t<\/div>\n\t\t\t\t\t<\/div>\n\t\t<\/section>\n\t\t\t\t<section class=\"elementor-section elementor-top-section elementor-element elementor-element-374d320 elementor-section-full_width elementor-section-height-default elementor-section-height-default\" data-id=\"374d320\" data-element_type=\"section\">\n\t\t\t\t\t\t<div class=\"elementor-container elementor-column-gap-no\">\n\t\t\t\t\t\t\t<div class=\"elementor-row\">\n\t\t\t\t\t<div class=\"elementor-column elementor-col-100 elementor-top-column elementor-element elementor-element-f9d1650\" data-id=\"f9d1650\" data-element_type=\"column\">\n\t\t\t<div class=\"elementor-column-wrap elementor-element-populated\">\n\t\t\t\t\t\t\t<div class=\"elementor-widget-wrap\">\n\t\t\t\t\t\t<div class=\"elementor-element elementor-element-b51b68f elementor-widget elementor-widget-google_maps\" data-id=\"b51b68f\" data-element_type=\"widget\" data-widget_type=\"google_maps.default\">\n\t\t\t\t<div class=\"elementor-widget-container\">\n\t\t\t\t\t<div class=\"elementor-custom-embed\">\n\t\t\t<iframe frameborder=\"0\" scrolling=\"no\" marginheight=\"0\" marginwidth=\"0\"\n\t\t\t\t\tsrc=\"https:\/\/maps.google.com\/maps?q=%C3%9Cnalan%20Mah.%20Libadiye%20Cad.%20Emar%20Residence%20Blok%20No%3A%2082E%20%C4%B0%C3%A7%20Kap%C4%B1%20No%3A%2023%20%C3%9Cskidar%20%2F%20%C4%B0STANBUL&#038;t=m&#038;z=13&#038;output=embed&#038;iwloc=near\"\n\t\t\t\t\ttitle=\"\u00dcnalan Mah. Libadiye Cad. Emar Residence Blok No: 82E \u0130\u00e7 Kap\u0131 No: 23 \u00dcskidar \/ \u0130STANBUL\"\n\t\t\t\t\taria-label=\"\u00dcnalan Mah. Libadiye Cad. Emar Residence Blok No: 82E \u0130\u00e7 Kap\u0131 No: 23 \u00dcskidar \/ \u0130STANBUL\"\n\t\t\t><\/iframe>\n\t\t<\/div>\n\t\t\t\t<\/div>\n\t\t\t\t<\/div>\n\t\t\t\t\t\t<\/div>\n\t\t\t\t\t<\/div>\n\t\t<\/div>\n\t\t\t\t\t\t\t\t<\/div>\n\t\t\t\t\t<\/div>\n\t\t<\/section>\n\t\t\t\t\t\t\t\t\t<\/div>\n\t\t\t<\/div>\n\t\t\t\t\t<\/div>\n\t\t","protected":false},"excerpt":{"rendered":"<p>Bize ula\u015f\u0131n Hemen \u0130leti\u015fime Ge\u00e7in T\u00fcrkiye Cumhuriyeti \u00dcnalan Mah. Libadiye Cad. Emar Residence Blok No: 82E \u0130\u00e7 Kap\u0131 No: 23 \u00dcsk\u00fcdar \/ \u0130STANBUL Tel: +905302354438 Email:&nbsp;info@simyatrade.com Amerika Birle\u015fik Devletleri 10752-A Tucker St. Beltsville, MD 20705 Tel: 301.937.0393 Email:&nbsp;info@ntrecycling.com<\/p>\n","protected":false},"author":1,"featured_media":2604,"parent":0,"menu_order":0,"comment_status":"closed","ping_status":"closed","template":"template\/full-width-template.php","meta":{"_joinchat":[]},"yoast_head":"<!-- This site is optimized with the Yoast SEO plugin v19.7.1 - https:\/\/yoast.com\/wordpress\/plugins\/seo\/ -->\n<title>\u0130leti\u015fim | Bize Ula\u015f\u0131n | Simya<\/title>\n<meta name=\"description\" content=\"Simya ile i\u015flerinizi d\u00fcnyan\u0131n d\u00f6rt bir yan\u0131na ta\u015f\u0131mak ve k\u00fcresel ba\u011flamda do\u011fru firmalarla tan\u0131\u015fmak i\u00e7in hemen ileti\u015fime ge\u00e7in.\" \/>\n<meta name=\"robots\" content=\"index, follow, max-snippet:-1, max-image-preview:large, max-video-preview:-1\" \/>\n<link rel=\"canonical\" href=\"https:\/\/www.simyatrade.com\/tr\/iletisim\/\" \/>\n<meta property=\"og:locale\" content=\"tr_TR\" \/>\n<meta property=\"og:type\" content=\"article\" \/>\n<meta property=\"og:title\" content=\"\u0130leti\u015fim | Bize Ula\u015f\u0131n | Simya\" \/>\n<meta property=\"og:description\" content=\"Simya ile i\u015flerinizi d\u00fcnyan\u0131n d\u00f6rt bir yan\u0131na ta\u015f\u0131mak ve k\u00fcresel ba\u011flamda do\u011fru firmalarla tan\u0131\u015fmak i\u00e7in hemen ileti\u015fime ge\u00e7in.\" \/>\n<meta property=\"og:url\" content=\"https:\/\/www.simyatrade.com\/tr\/iletisim\/\" \/>\n<meta property=\"og:site_name\" content=\"Simya\" \/>\n<meta property=\"article:modified_time\" content=\"2022-09-22T12:43:19+00:00\" \/>\n<meta property=\"og:image\" content=\"https:\/\/www.simyatrade.com\/tr\/wp-content\/uploads\/2022\/09\/simya-iletisim.jpg\" \/>\n\t<meta property=\"og:image:width\" content=\"2500\" \/>\n\t<meta property=\"og:image:height\" content=\"1663\" \/>\n\t<meta property=\"og:image:type\" content=\"image\/jpeg\" \/>\n<meta name=\"twitter:card\" content=\"summary_large_image\" \/>\n<meta name=\"twitter:label1\" content=\"Tahmini okuma s\u00fcresi\" \/>\n\t<meta name=\"twitter:data1\" content=\"1 dakika\" \/>\n<script type=\"application\/ld+json\" class=\"yoast-schema-graph\">{\"@context\":\"https:\/\/schema.org\",\"@graph\":[{\"@type\":\"WebPage\",\"@id\":\"https:\/\/www.simyatrade.com\/tr\/iletisim\/\",\"url\":\"https:\/\/www.simyatrade.com\/tr\/iletisim\/\",\"name\":\"\u0130leti\u015fim | Bize Ula\u015f\u0131n | Simya\",\"isPartOf\":{\"@id\":\"https:\/\/www.simyatrade.com\/tr\/#website\"},\"datePublished\":\"2022-09-19T15:55:35+00:00\",\"dateModified\":\"2022-09-22T12:43:19+00:00\",\"description\":\"Simya ile i\u015flerinizi d\u00fcnyan\u0131n d\u00f6rt bir yan\u0131na ta\u015f\u0131mak ve k\u00fcresel ba\u011flamda do\u011fru firmalarla tan\u0131\u015fmak i\u00e7in hemen ileti\u015fime ge\u00e7in.\",\"breadcrumb\":{\"@id\":\"https:\/\/www.simyatrade.com\/tr\/iletisim\/#breadcrumb\"},\"inLanguage\":\"tr\",\"potentialAction\":[{\"@type\":\"ReadAction\",\"target\":[\"https:\/\/www.simyatrade.com\/tr\/iletisim\/\"]}]},{\"@type\":\"BreadcrumbList\",\"@id\":\"https:\/\/www.simyatrade.com\/tr\/iletisim\/#breadcrumb\",\"itemListElement\":[{\"@type\":\"ListItem\",\"position\":1,\"name\":\"Anasayfa\",\"item\":\"https:\/\/www.simyatrade.com\/tr\/\"},{\"@type\":\"ListItem\",\"position\":2,\"name\":\"Bize Ula\u015f\u0131n\"}]},{\"@type\":\"WebSite\",\"@id\":\"https:\/\/www.simyatrade.com\/tr\/#website\",\"url\":\"https:\/\/www.simyatrade.com\/tr\/\",\"name\":\"Simya\",\"description\":\"D&uuml;nyaya a&ccedil;\u0131lan kap\u0131n\u0131z...\",\"publisher\":{\"@id\":\"https:\/\/www.simyatrade.com\/tr\/#organization\"},\"potentialAction\":[{\"@type\":\"SearchAction\",\"target\":{\"@type\":\"EntryPoint\",\"urlTemplate\":\"https:\/\/www.simyatrade.com\/tr\/?s={search_term_string}\"},\"query-input\":\"required name=search_term_string\"}],\"inLanguage\":\"tr\"},{\"@type\":\"Organization\",\"@id\":\"https:\/\/www.simyatrade.com\/tr\/#organization\",\"name\":\"Simya\",\"url\":\"https:\/\/www.simyatrade.com\/tr\/\",\"sameAs\":[],\"logo\":{\"@type\":\"ImageObject\",\"inLanguage\":\"tr\",\"@id\":\"https:\/\/www.simyatrade.com\/tr\/#\/schema\/logo\/image\/\",\"url\":\"http:\/\/www.simyatrade.com\/tr\/wp-content\/uploads\/2022\/09\/Screenshot_2-1.jpg\",\"contentUrl\":\"http:\/\/www.simyatrade.com\/tr\/wp-content\/uploads\/2022\/09\/Screenshot_2-1.jpg\",\"width\":1695,\"height\":574,\"caption\":\"Simya\"},\"image\":{\"@id\":\"https:\/\/www.simyatrade.com\/tr\/#\/schema\/logo\/image\/\"}}]}<\/script>\n<!-- \/ Yoast SEO plugin. -->","yoast_head_json":{"title":"\u0130leti\u015fim | Bize Ula\u015f\u0131n | Simya","description":"Simya ile i\u015flerinizi d\u00fcnyan\u0131n d\u00f6rt bir yan\u0131na ta\u015f\u0131mak ve k\u00fcresel ba\u011flamda do\u011fru firmalarla tan\u0131\u015fmak i\u00e7in hemen ileti\u015fime ge\u00e7in.","robots":{"index":"index","follow":"follow","max-snippet":"max-snippet:-1","max-image-preview":"max-image-preview:large","max-video-preview":"max-video-preview:-1"},"canonical":"https:\/\/www.simyatrade.com\/tr\/iletisim\/","og_locale":"tr_TR","og_type":"article","og_title":"\u0130leti\u015fim | Bize Ula\u015f\u0131n | Simya","og_description":"Simya ile i\u015flerinizi d\u00fcnyan\u0131n d\u00f6rt bir yan\u0131na ta\u015f\u0131mak ve k\u00fcresel ba\u011flamda do\u011fru firmalarla tan\u0131\u015fmak i\u00e7in hemen ileti\u015fime ge\u00e7in.","og_url":"https:\/\/www.simyatrade.com\/tr\/iletisim\/","og_site_name":"Simya","article_modified_time":"2022-09-22T12:43:19+00:00","og_image":[{"width":2500,"height":1663,"url":"https:\/\/www.simyatrade.com\/tr\/wp-content\/uploads\/2022\/09\/simya-iletisim.jpg","type":"image\/jpeg"}],"twitter_card":"summary_large_image","twitter_misc":{"Tahmini okuma s\u00fcresi":"1 dakika"},"schema":{"@context":"https:\/\/schema.org","@graph":[{"@type":"WebPage","@id":"https:\/\/www.simyatrade.com\/tr\/iletisim\/","url":"https:\/\/www.simyatrade.com\/tr\/iletisim\/","name":"\u0130leti\u015fim | Bize Ula\u015f\u0131n | Simya","isPartOf":{"@id":"https:\/\/www.simyatrade.com\/tr\/#website"},"datePublished":"2022-09-19T15:55:35+00:00","dateModified":"2022-09-22T12:43:19+00:00","description":"Simya ile i\u015flerinizi d\u00fcnyan\u0131n d\u00f6rt bir yan\u0131na ta\u015f\u0131mak ve k\u00fcresel ba\u011flamda do\u011fru firmalarla tan\u0131\u015fmak i\u00e7in hemen ileti\u015fime ge\u00e7in.","breadcrumb":{"@id":"https:\/\/www.simyatrade.com\/tr\/iletisim\/#breadcrumb"},"inLanguage":"tr","potentialAction":[{"@type":"ReadAction","target":["https:\/\/www.simyatrade.com\/tr\/iletisim\/"]}]},{"@type":"BreadcrumbList","@id":"https:\/\/www.simyatrade.com\/tr\/iletisim\/#breadcrumb","itemListElement":[{"@type":"ListItem","position":1,"name":"Anasayfa","item":"https:\/\/www.simyatrade.com\/tr\/"},{"@type":"ListItem","position":2,"name":"Bize Ula\u015f\u0131n"}]},{"@type":"WebSite","@id":"https:\/\/www.simyatrade.com\/tr\/#website","url":"https:\/\/www.simyatrade.com\/tr\/","name":"Simya","description":"D&uuml;nyaya a&ccedil;\u0131lan kap\u0131n\u0131z...","publisher":{"@id":"https:\/\/www.simyatrade.com\/tr\/#organization"},"potentialAction":[{"@type":"SearchAction","target":{"@type":"EntryPoint","urlTemplate":"https:\/\/www.simyatrade.com\/tr\/?s={search_term_string}"},"query-input":"required name=search_term_string"}],"inLanguage":"tr"},{"@type":"Organization","@id":"https:\/\/www.simyatrade.com\/tr\/#organization","name":"Simya","url":"https:\/\/www.simyatrade.com\/tr\/","sameAs":[],"logo":{"@type":"ImageObject","inLanguage":"tr","@id":"https:\/\/www.simyatrade.com\/tr\/#\/schema\/logo\/image\/","url":"http:\/\/www.simyatrade.com\/tr\/wp-content\/uploads\/2022\/09\/Screenshot_2-1.jpg","contentUrl":"http:\/\/www.simyatrade.com\/tr\/wp-content\/uploads\/2022\/09\/Screenshot_2-1.jpg","width":1695,"height":574,"caption":"Simya"},"image":{"@id":"https:\/\/www.simyatrade.com\/tr\/#\/schema\/logo\/image\/"}}]}},"_links":{"self":[{"href":"https:\/\/www.simyatrade.com\/tr\/wp-json\/wp\/v2\/pages\/3057"}],"collection":[{"href":"https:\/\/www.simyatrade.com\/tr\/wp-json\/wp\/v2\/pages"}],"about":[{"href":"https:\/\/www.simyatrade.com\/tr\/wp-json\/wp\/v2\/types\/page"}],"author":[{"embeddable":true,"href":"https:\/\/www.simyatrade.com\/tr\/wp-json\/wp\/v2\/users\/1"}],"replies":[{"embeddable":true,"href":"https:\/\/www.simyatrade.com\/tr\/wp-json\/wp\/v2\/comments?post=3057"}],"version-history":[{"count":6,"href":"https:\/\/www.simyatrade.com\/tr\/wp-json\/wp\/v2\/pages\/3057\/revisions"}],"predecessor-version":[{"id":3265,"href":"https:\/\/www.simyatrade.com\/tr\/wp-json\/wp\/v2\/pages\/3057\/revisions\/3265"}],"wp:featuredmedia":[{"embeddable":true,"href":"https:\/\/www.simyatrade.com\/tr\/wp-json\/wp\/v2\/media\/2604"}],"wp:attachment":[{"href":"https:\/\/www.simyatrade.com\/tr\/wp-json\/wp\/v2\/media?parent=3057"}],"curies":[{"name":"wp","href":"https:\/\/api.w.org\/{rel}","templated":true}]}}